{"id":71,"date":"2020-02-02T17:22:35","date_gmt":"2020-02-02T17:22:35","guid":{"rendered":"https:\/\/www.csmn.ch\/wp\/?page_id=71"},"modified":"2020-04-13T00:24:27","modified_gmt":"2020-04-12T22:24:27","slug":"manifestations-expos","status":"publish","type":"page","link":"https:\/\/www.csmn.ch\/wp\/manifestations-expos\/","title":{"rendered":"Manifestations \/ Expos"},"content":{"rendered":"\n<p class=\"has-normal-font-size\">Vous \u00eates une institution mus\u00e9ale ou une association culturelle int\u00e9ress\u00e9e \u00e0 la st\u00e9r\u00e9oscopie? Vous voulez organiser une manifestation ou une exposition comprenant une partie st\u00e9r\u00e9oscopique cherchez un soutien technique et\/ou logistique? <\/p>\n\n\n\n<p class=\"has-normal-font-size\">Le CSMN dispose en son sein de personnes capables d&rsquo;organiser des manifestations de taille diverses, de proposer des solutions techniques de pr\u00e9sentation ou visualisation, de d\u00e9velopper du contenu sc\u00e9nographique ou tout simplement de vous soutenir dans vos r\u00e9flexions sur le sujet, bref de vous permettre de valoriser vos archives st\u00e9r\u00e9oscopiques. <\/p>\n\n\n\n<p class=\"has-normal-font-size\">Voici quelques uns des projets auxquels nous avons pris part pendant ces dix derni\u00e8res ann\u00e9es.<\/p>\n\n\n\n<p class=\"has-normal-font-size\"><strong>Animation du foyer de l&rsquo;ESTER<\/strong><br><strong>Nuit de la Photo 2020 &#8211; 15.02.2020<\/strong><br><strong>Prestations assur\u00e9es par nos membres:<\/strong>  Exposition anaglyphes grandes dimensions &#8211; Pr\u00e9sentation Lenticulaires &#8211; Images kal\u00e9idoscopiques sur TV3D polaris\u00e9e &#8211; Mise en lumi\u00e8re &#8211; Buvette.<br><strong><a href=\"https:\/\/www.csmn.ch\/wp\/2020\/04\/12\/retour-manifestation-animation-foyer-de-lester\/\">Voir le retour sur la manifestation.<\/a><\/strong><\/p>\n\n\n\n<p class=\"has-normal-font-size\"><strong>DIABLERIES, Aventures st\u00e9r\u00e9oscopiques en enfer<\/strong><br><strong>Neuch\u00e2tel International Fantastic Film Festival NIFFF 2019, P\u00e9ristyle de l&rsquo;Hotel de Ville &#8211; 05.07.2019-13.07.2019 <\/strong><br><strong>Prestations assur\u00e9es par nos membres:<\/strong> Support technique pour diaporamas 3D et impression sur toile 2D &#8211;  Cr\u00e9ation  Wiggles.<\/p>\n\n\n\n<p class=\"has-normal-font-size\"><strong>DANS L\u2019OEIL D\u2019EDOUARD, Les premi\u00e8res photographies de localit\u00e9s et de sites du Jura<br>Mus\u00e9e Jurassien d&rsquo;Art et d&rsquo;Histoire &#8211; 01.06.2018-30.09.2018 <\/strong><br><strong>Prestations assur\u00e9es par nos membres:<\/strong> Nettoyage de calotypes st\u00e9r\u00e9oscopiques &#8211; Diaporama sur smartphone int\u00e9gr\u00e9 dans borne ancienne &#8211;  Pr\u00eat\/Location  de mat\u00e9riel ancien.<br><a href=\"https:\/\/www.csmn.ch\/wp\/2020\/04\/12\/retour-expo-dans-loeil-dedouard\/\"><strong>Voir le retour sur l&rsquo;expo.<\/strong><\/a><\/p>\n\n\n\n<p class=\"has-normal-font-size\"><strong>DU RELIEF DANS LA PHOTOGRAPHIE<br>Mus\u00e9e gru\u00e9rien &#8211;  02.09.2017-15.04.2018<\/strong><br><strong>Prestations assur\u00e9es par nos membres:<\/strong> Fabrication de mat\u00e9riel didactique &#8211; Prises de vues par drone &#8211; Prises de vues Mus\u00e9e Gru\u00e9rien et Mus\u00e9e Giger &#8211; Nettoyage autochromes st\u00e9r\u00e9oscopiques &#8211;  Diaporamas sur smartphone int\u00e9gr\u00e9s dans bornes anciennes &#8211; Diaporamas sur smartphone int\u00e9gr\u00e9s dans bornes murales modernes &#8211; Cr\u00e9ation Anaglyphes et Wiggles &#8211; Pr\u00eat\/Location de mat\u00e9riel ancien.<br><a href=\"https:\/\/www.csmn.ch\/wp\/2020\/04\/06\/retour-expo-du-relief-dans-la-photographie\/\"><strong>Voir le retour sur l&rsquo;expo.<\/strong><\/a><br><\/p>\n\n\n\n<p class=\"has-normal-font-size\"><strong>Nuit des Mus\u00e9es &#8211; Journ\u00e9e internationale des Mus\u00e9es<\/strong><br><strong>Mus\u00e9e d&rsquo;Histoire de La Chaux-de-Fonds &#8211; 16\/17-5-201<\/strong>5<br><strong>Prestations assur\u00e9es par nos membres:<\/strong> Projection diaporama 3D\/2D \u00ab\u00a0K2, partie d&rsquo;\u00e9checs en Himalaya\u00a0\u00bb &#8211; Pr\u00e9sentation de mat\u00e9riel des membres du club et mise en valeur des cartes st\u00e9r\u00e9oscopiques de la Biblioth\u00e8que de la Ville &#8211; Permanence et explications au public &#8211;<br><a href=\"https:\/\/www.csmn.ch\/wp\/2020\/04\/12\/retour-manifestation-nuit-des-musees\/\"><strong>Voir le retour sur la manifestation.<\/strong><\/a><\/p>\n\n\n\n<p class=\"has-normal-font-size\"><strong>Exposition de mat\u00e9riel 3D \u2013 Projection diaporama 3D \u00ab&nbsp;K2, partie d\u2019\u00e9checs en Himalaya&nbsp;\u00bb<br>Festival International du Film Alpin des Diablerets FIFAD 2013 \u2013 10.08.2013 -18.08.2013<\/strong><br><strong>Prestations assur\u00e9es par nos membres:<\/strong>&nbsp;Pr\u00eat et pr\u00e9sentation de mat\u00e9riel durant un week-end. <\/p>\n\n\n\n<p><\/p>\n\n\n\n<p><\/p>\n\n\n\n<p><\/p>\n","protected":false},"excerpt":{"rendered":"<p>Vous \u00eates une institution mus\u00e9ale ou une association culturelle int\u00e9ress\u00e9e \u00e0 la st\u00e9r\u00e9oscopie? Vous voulez organiser une manifestation ou une exposition comprenant une partie st\u00e9r\u00e9oscopique cherchez un soutien technique et\/ou [&hellip;]<\/p>\n","protected":false},"author":3,"featured_media":0,"parent":0,"menu_order":0,"comment_status":"open","ping_status":"closed","template":"","meta":{"_et_pb_use_builder":"off","_et_pb_old_content":"","_et_gb_content_width":"1500","footnotes":""},"class_list":["post-71","page","type-page","status-publish","hentry"],"_links":{"self":[{"href":"https:\/\/www.csmn.ch\/wp\/wp-json\/wp\/v2\/pages\/71","targetHints":{"allow":["GET"]}}],"collection":[{"href":"https:\/\/www.csmn.ch\/wp\/wp-json\/wp\/v2\/pages"}],"about":[{"href":"https:\/\/www.csmn.ch\/wp\/wp-json\/wp\/v2\/types\/page"}],"author":[{"embeddable":true,"href":"https:\/\/www.csmn.ch\/wp\/wp-json\/wp\/v2\/users\/3"}],"replies":[{"embeddable":true,"href":"https:\/\/www.csmn.ch\/wp\/wp-json\/wp\/v2\/comments?post=71"}],"version-history":[{"count":32,"href":"https:\/\/www.csmn.ch\/wp\/wp-json\/wp\/v2\/pages\/71\/revisions"}],"predecessor-version":[{"id":557,"href":"https:\/\/www.csmn.ch\/wp\/wp-json\/wp\/v2\/pages\/71\/revisions\/557"}],"wp:attachment":[{"href":"https:\/\/www.csmn.ch\/wp\/wp-json\/wp\/v2\/media?parent=71"}],"curies":[{"name":"wp","href":"https:\/\/api.w.org\/{rel}","templated":true}]}}